{"id":102,"date":"2026-02-03T10:19:21","date_gmt":"2026-02-03T09:19:21","guid":{"rendered":"http:\/\/dzakobimurawa.pl\/?post_type=product&#038;p=102"},"modified":"2026-03-14T21:46:25","modified_gmt":"2026-03-14T20:46:25","slug":"preorder-wczoraj-bylo-jutro-dzakob-murawa-3-dodatkowe-kawalki-wlepki","status":"publish","type":"product","link":"https:\/\/dzakobimurawa.pl\/?product=preorder-wczoraj-bylo-jutro-dzakob-murawa-3-dodatkowe-kawalki-wlepki","title":{"rendered":"&#8220;WCZORAJ BY\u0141O JUTRO&#8221; DZAKOB MURAWA ( PODPIS 3 DODATKOWE KAWA\u0141KI + WLEPKI)"},"content":{"rendered":"","protected":false},"excerpt":{"rendered":"<p>Dzakob oraz murawa dla kt\u00f3rej to jest debiut przychodz\u0105 do was z p\u0142yt\u0105 &#8220;WCZORAJ BY\u0141O JUTRO&#8221; kt\u00f3ra \u0142\u0105czy r\u00f3\u017cne rodzaju muzyki trapowej, czerpi\u0105c ze wszystkiego po kolei. Na p\u0142ycie znajdzie si\u0119 13 kawa\u0142k\u00f3w + 3 dodatkowe dla ludzi kt\u00f3rzy zam\u00f3wi\u0105 j\u0105 w preorderze. Wysy\u0142ka zam\u00f3wie\u0144 z wlepkami od 8 marca 2026 roku.<\/p>\n<p>&nbsp;<\/p>\n<p>Zam\u00f3wienie to przedsprzeda\u017c.<\/p>\n","protected":false},"featured_media":124,"comment_status":"open","ping_status":"closed","template":"","meta":{"_kadence_starter_templates_imported_post":false},"product_brand":[],"product_cat":[21],"product_tag":[],"class_list":{"0":"post-102","1":"product","2":"type-product","3":"status-publish","4":"has-post-thumbnail","6":"product_cat-muzyka","8":"first","9":"instock","10":"shipping-taxable","11":"purchasable","12":"product-type-simple"},"jetpack_sharing_enabled":true,"_links":{"self":[{"href":"https:\/\/dzakobimurawa.pl\/index.php?rest_route=\/wp\/v2\/product\/102","targetHints":{"allow":["GET"]}}],"collection":[{"href":"https:\/\/dzakobimurawa.pl\/index.php?rest_route=\/wp\/v2\/product"}],"about":[{"href":"https:\/\/dzakobimurawa.pl\/index.php?rest_route=\/wp\/v2\/types\/product"}],"replies":[{"embeddable":true,"href":"https:\/\/dzakobimurawa.pl\/index.php?rest_route=%2Fwp%2Fv2%2Fcomments&post=102"}],"wp:featuredmedia":[{"embeddable":true,"href":"https:\/\/dzakobimurawa.pl\/index.php?rest_route=\/wp\/v2\/media\/124"}],"wp:attachment":[{"href":"https:\/\/dzakobimurawa.pl\/index.php?rest_route=%2Fwp%2Fv2%2Fmedia&parent=102"}],"wp:term":[{"taxonomy":"product_brand","embeddable":true,"href":"https:\/\/dzakobimurawa.pl\/index.php?rest_route=%2Fwp%2Fv2%2Fproduct_brand&post=102"},{"taxonomy":"product_cat","embeddable":true,"href":"https:\/\/dzakobimurawa.pl\/index.php?rest_route=%2Fwp%2Fv2%2Fproduct_cat&post=102"},{"taxonomy":"product_tag","embeddable":true,"href":"https:\/\/dzakobimurawa.pl\/index.php?rest_route=%2Fwp%2Fv2%2Fproduct_tag&post=102"}],"curies":[{"name":"wp","href":"https:\/\/api.w.org\/{rel}","templated":true}]}}